{"id":22,"date":"2019-06-04T11:46:45","date_gmt":"2019-06-04T11:46:45","guid":{"rendered":"http:\/\/xn--zachers-kindertrume-vwb.de\/?page_id=22"},"modified":"2025-04-02T06:32:07","modified_gmt":"2025-04-02T06:32:07","slug":"herzlich-willkommen-bei-zachers-kindertraeume-2","status":"publish","type":"page","link":"https:\/\/zachers-kindertr\u00e4ume.de\/?page_id=22","title":{"rendered":"\u00dcber Zacher`s Kinder(t)r\u00e4ume"},"content":{"rendered":"<p><strong>Mit unserer Kindertagespflege wollen wir das Betreuungsangebot f\u00fcr Kleinkinder im Alter von 0- 3 Jahren ausbauen und bereichern. Seit Oktober 2019 bieten wir Kleinkindern\u00a0 (von 0- 3 Jahren) in unserer Kindertagespflege die M\u00f6glichkeit an, sich in einer \u00fcberschaubaren famili\u00e4ren Kinderbetreuung individuell und ungest\u00f6rt entwickeln zu k\u00f6nnen. Als wichtig erachten wir dabei die Schaffung einer harmonischen und geborgenen Atmosph\u00e4re, in der sich die Pers\u00f6nlichkeiten der Kinder frei entfalten k\u00f6nnen. Durch die Betreuung in unserer Kindertagespflege haben Eltern die M\u00f6glichkeit, beruflich wieder einzusteigen oder ihren Arbeitsalltag besser zu organisieren. Die verl\u00e4sslichen Betreuungszeiten bieten eine wertvolle Entlastung f\u00fcr Familien und helfen dabei, Familie und Beruf bestm\u00f6glich zu vereinbaren.<\/strong><\/p>\n<p><strong>Unsere Vorteile gegen\u00fcber einer Krippengruppe:<\/strong><\/p>\n<ul>\n<li><strong>Wir bieten ein immer gleichbleibendes Personal. Das hei\u00dft, dass die Kinder immer gleichbleibende Bezugspersonen haben von denen sie betreut werden.<\/strong><\/li>\n<li><strong>Wir sind qualifiziertes Personal. Alle unsere Mitarbeiter haben eine p\u00e4dagogische Ausbildung und zus\u00e4tzlich die Qualifizierung zur Kindertagespflegeperson abgeschlossen.<\/strong><\/li>\n<li><strong>Bei uns wird jeden Tag frisch, lecker, ausgewogen und kindgerecht gekocht.<\/strong><\/li>\n<li><strong>Unsere Gruppengr\u00f6\u00dfe betr\u00e4gt max. 10 Kinder. Dies bedeutet einen sehr famili\u00e4ren Kontakt zwischen Kindertagespflegeperson und Tageskindern.<\/strong><\/li>\n<li><strong>Bei uns kann individuell auf jede Familie eingegangen werden.<\/strong><\/li>\n<li><strong>Es wird ein sehr geringer Eigenkostenanteil f\u00fcr die Eltern erhoben. Kindertagespflege ist meist nicht teurer bzw. sogar evt. g\u00fcnstiger, als ein Krippenplatz in einer st\u00e4dtischen Einrichtung.<\/strong><\/li>\n<li><strong>Wir bieten eine Vollverpflegung der Kinder. Es wird kein zus\u00e4tzliches Essensgeld erhoben.<\/strong><\/li>\n<li><strong>Durch unsere kleine Gruppengr\u00f6\u00dfe haben wir viel Zeit f\u00fcr p\u00e4dagogische Angebote, um Zeit in der Natur zu verbringen und auf jedes Kind individuell einzugehen.<\/strong><\/li>\n<\/ul>\n\n\n<figure class=\"wp-block-gallery has-nested-images columns-default is-cropped wp-block-gallery-1 is-layout-flex wp-block-gallery-is-layout-flex\">\n<figure class=\"wp-block-image size-large\"><img loading=\"lazy\" decoding=\"async\" width=\"1024\" height=\"768\" data-id=\"1320\" src=\"http:\/\/xn--zachers-kindertrume-vwb.de\/wp-content\/uploads\/2023\/02\/IMG-20230216-WA0001-1024x768.jpg\" alt=\"\" class=\"wp-image-1320\" srcset=\"https:\/\/zachers-kindertr\u00e4ume.de\/wp-content\/uploads\/2023\/02\/IMG-20230216-WA0001-1024x768.jpg 1024w, https:\/\/zachers-kindertr\u00e4ume.de\/wp-content\/uploads\/2023\/02\/IMG-20230216-WA0001-300x225.jpg 300w, https:\/\/zachers-kindertr\u00e4ume.de\/wp-content\/uploads\/2023\/02\/IMG-20230216-WA0001-768x576.jpg 768w, https:\/\/zachers-kindertr\u00e4ume.de\/wp-content\/uploads\/2023\/02\/IMG-20230216-WA0001-1536x1152.jpg 1536w, https:\/\/zachers-kindertr\u00e4ume.de\/wp-content\/uploads\/2023\/02\/IMG-20230216-WA0001.jpg 1600w\" sizes=\"auto, (max-width: 1024px) 100vw, 1024px\" \/><\/figure>\n<\/figure>\n\n\n\n<figure class=\"wp-block-image size-large\"><img loading=\"lazy\" decoding=\"async\" width=\"768\" height=\"1024\" src=\"http:\/\/xn--zachers-kindertrume-vwb.de\/wp-content\/uploads\/2024\/01\/IMG_20240117_093011-768x1024.jpg\" alt=\"\" class=\"wp-image-1615\" srcset=\"https:\/\/zachers-kindertr\u00e4ume.de\/wp-content\/uploads\/2024\/01\/IMG_20240117_093011-768x1024.jpg 768w, https:\/\/zachers-kindertr\u00e4ume.de\/wp-content\/uploads\/2024\/01\/IMG_20240117_093011-225x300.jpg 225w, https:\/\/zachers-kindertr\u00e4ume.de\/wp-content\/uploads\/2024\/01\/IMG_20240117_093011-1152x1536.jpg 1152w, https:\/\/zachers-kindertr\u00e4ume.de\/wp-content\/uploads\/2024\/01\/IMG_20240117_093011.jpg 1200w\" sizes=\"auto, (max-width: 768px) 100vw, 768px\" \/><\/figure>\n","protected":false},"excerpt":{"rendered":"<p>Mit unserer Kindertagespflege wollen wir das Betreuungsangebot f\u00fcr Kleinkinder im Alter von 0- 3 Jahren ausbauen und bereichern. Seit Oktober 2019 bieten wir Kleinkindern\u00a0 (von 0- 3 Jahren) in unserer Kindertagespflege die M\u00f6glichkeit an, sich in einer \u00fcberschaubaren famili\u00e4ren Kinderbetreuung &hellip; <\/p>\n","protected":false},"author":1,"featured_media":0,"parent":0,"menu_order":0,"comment_status":"closed","ping_status":"closed","template":"","meta":{"footnotes":""},"class_list":["post-22","page","type-page","status-publish","hentry"],"_links":{"self":[{"href":"https:\/\/zachers-kindertr\u00e4ume.de\/index.php?rest_route=\/wp\/v2\/pages\/22","targetHints":{"allow":["GET"]}}],"collection":[{"href":"https:\/\/zachers-kindertr\u00e4ume.de\/index.php?rest_route=\/wp\/v2\/pages"}],"about":[{"href":"https:\/\/zachers-kindertr\u00e4ume.de\/index.php?rest_route=\/wp\/v2\/types\/page"}],"author":[{"embeddable":true,"href":"https:\/\/zachers-kindertr\u00e4ume.de\/index.php?rest_route=\/wp\/v2\/users\/1"}],"replies":[{"embeddable":true,"href":"https:\/\/zachers-kindertr\u00e4ume.de\/index.php?rest_route=%2Fwp%2Fv2%2Fcomments&post=22"}],"version-history":[{"count":20,"href":"https:\/\/zachers-kindertr\u00e4ume.de\/index.php?rest_route=\/wp\/v2\/pages\/22\/revisions"}],"predecessor-version":[{"id":1943,"href":"https:\/\/zachers-kindertr\u00e4ume.de\/index.php?rest_route=\/wp\/v2\/pages\/22\/revisions\/1943"}],"wp:attachment":[{"href":"https:\/\/zachers-kindertr\u00e4ume.de\/index.php?rest_route=%2Fwp%2Fv2%2Fmedia&parent=22"}],"curies":[{"name":"wp","href":"https:\/\/api.w.org\/{rel}","templated":true}]}}