{"id":358,"date":"2020-06-03T06:50:58","date_gmt":"2020-06-03T06:50:58","guid":{"rendered":"http:\/\/xn--zachers-kindertrume-vwb.de\/?page_id=358"},"modified":"2025-07-23T05:14:36","modified_gmt":"2025-07-23T05:14:36","slug":"aussenaktivitaeten","status":"publish","type":"page","link":"https:\/\/zachers-kindertr\u00e4ume.de\/?page_id=358","title":{"rendered":"Au\u00dfenaktivit\u00e4ten"},"content":{"rendered":"\n<p><strong><em>Wenn man die Natur wahrhaft liebt, findet man es \u00fcberall sch\u00f6n\u201c<\/em> <\/strong><\/p>\n\n\n\n<p><strong>(Vincent van Gogh)<\/strong><\/p>\n\n\n\n<p>Die Natur und die Umgebung vor unserer Haust\u00fcre sind wahrhaft sch\u00f6n. Gerne verbringen wir bei geeigneter Witterung m\u00f6glichst viel Zeit an der frischen Luft.<\/p>\n\n\n\n<p>In unmittelbarer N\u00e4he befinden sich landwirtschaftliche Nutzfl\u00e4chen, auf denen es immer etwas zu entdecken gibt. Wir beobachten gerne die grasenden Schafe, die freilaufenden H\u00fchner, die Arbeit der Landwirte oder streicheln auch einfach mal die jungen Katzen, die in den b\u00e4uerlichen Anwesen aufgezogen werden.<\/p>\n\n\n\n<figure class=\"wp-block-gallery has-nested-images columns-default is-cropped wp-block-gallery-1 is-layout-flex wp-block-gallery-is-layout-flex\">\n<figure class=\"wp-block-image size-large\"><img loading=\"lazy\" decoding=\"async\" width=\"1024\" height=\"1024\" data-id=\"1816\" src=\"http:\/\/xn--zachers-kindertrume-vwb.de\/wp-content\/uploads\/2024\/11\/1000045002-1024x1024.jpg\" alt=\"\" class=\"wp-image-1816\" srcset=\"https:\/\/zachers-kindertr\u00e4ume.de\/wp-content\/uploads\/2024\/11\/1000045002-1024x1024.jpg 1024w, https:\/\/zachers-kindertr\u00e4ume.de\/wp-content\/uploads\/2024\/11\/1000045002-300x300.jpg 300w, https:\/\/zachers-kindertr\u00e4ume.de\/wp-content\/uploads\/2024\/11\/1000045002-150x150.jpg 150w, https:\/\/zachers-kindertr\u00e4ume.de\/wp-content\/uploads\/2024\/11\/1000045002-768x768.jpg 768w, https:\/\/zachers-kindertr\u00e4ume.de\/wp-content\/uploads\/2024\/11\/1000045002-186x185.jpg 186w, https:\/\/zachers-kindertr\u00e4ume.de\/wp-content\/uploads\/2024\/11\/1000045002-220x220.jpg 220w, https:\/\/zachers-kindertr\u00e4ume.de\/wp-content\/uploads\/2024\/11\/1000045002-60x60.jpg 60w, https:\/\/zachers-kindertr\u00e4ume.de\/wp-content\/uploads\/2024\/11\/1000045002.jpg 1440w\" sizes=\"auto, (max-width: 1024px) 100vw, 1024px\" \/><\/figure>\n<\/figure>\n\n\n\n<figure class=\"wp-block-image size-large\"><img loading=\"lazy\" decoding=\"async\" width=\"1024\" height=\"1024\" src=\"http:\/\/xn--zachers-kindertrume-vwb.de\/wp-content\/uploads\/2024\/11\/1000045003-1024x1024.jpg\" alt=\"\" class=\"wp-image-1815\" srcset=\"https:\/\/zachers-kindertr\u00e4ume.de\/wp-content\/uploads\/2024\/11\/1000045003-1024x1024.jpg 1024w, https:\/\/zachers-kindertr\u00e4ume.de\/wp-content\/uploads\/2024\/11\/1000045003-300x300.jpg 300w, https:\/\/zachers-kindertr\u00e4ume.de\/wp-content\/uploads\/2024\/11\/1000045003-150x150.jpg 150w, https:\/\/zachers-kindertr\u00e4ume.de\/wp-content\/uploads\/2024\/11\/1000045003-768x768.jpg 768w, https:\/\/zachers-kindertr\u00e4ume.de\/wp-content\/uploads\/2024\/11\/1000045003-186x185.jpg 186w, https:\/\/zachers-kindertr\u00e4ume.de\/wp-content\/uploads\/2024\/11\/1000045003-220x220.jpg 220w, https:\/\/zachers-kindertr\u00e4ume.de\/wp-content\/uploads\/2024\/11\/1000045003-60x60.jpg 60w, https:\/\/zachers-kindertr\u00e4ume.de\/wp-content\/uploads\/2024\/11\/1000045003.jpg 1440w\" sizes=\"auto, (max-width: 1024px) 100vw, 1024px\" \/><\/figure>\n\n\n\n<figure class=\"wp-block-image size-large\"><img loading=\"lazy\" decoding=\"async\" width=\"461\" height=\"1024\" src=\"http:\/\/xn--zachers-kindertrume-vwb.de\/wp-content\/uploads\/2024\/02\/IMG_20240220_150938-1-461x1024.jpg\" alt=\"\" class=\"wp-image-1663\" srcset=\"https:\/\/zachers-kindertr\u00e4ume.de\/wp-content\/uploads\/2024\/02\/IMG_20240220_150938-1-461x1024.jpg 461w, https:\/\/zachers-kindertr\u00e4ume.de\/wp-content\/uploads\/2024\/02\/IMG_20240220_150938-1-135x300.jpg 135w, https:\/\/zachers-kindertr\u00e4ume.de\/wp-content\/uploads\/2024\/02\/IMG_20240220_150938-1-768x1707.jpg 768w, https:\/\/zachers-kindertr\u00e4ume.de\/wp-content\/uploads\/2024\/02\/IMG_20240220_150938-1-691x1536.jpg 691w, https:\/\/zachers-kindertr\u00e4ume.de\/wp-content\/uploads\/2024\/02\/IMG_20240220_150938-1-922x2048.jpg 922w, https:\/\/zachers-kindertr\u00e4ume.de\/wp-content\/uploads\/2024\/02\/IMG_20240220_150938-1-scaled.jpg 1152w\" sizes=\"auto, (max-width: 461px) 100vw, 461px\" \/><\/figure>\n\n\n\n<figure class=\"wp-block-image size-large is-resized\"><img loading=\"lazy\" decoding=\"async\" width=\"771\" height=\"1024\" src=\"http:\/\/xn--zachers-kindertrume-vwb.de\/wp-content\/uploads\/2023\/05\/IMG_20230530_140533-771x1024.jpg\" alt=\"\" class=\"wp-image-1414\" style=\"aspect-ratio:0.7529296875;width:377px;height:auto\" srcset=\"https:\/\/zachers-kindertr\u00e4ume.de\/wp-content\/uploads\/2023\/05\/IMG_20230530_140533-771x1024.jpg 771w, https:\/\/zachers-kindertr\u00e4ume.de\/wp-content\/uploads\/2023\/05\/IMG_20230530_140533-226x300.jpg 226w, https:\/\/zachers-kindertr\u00e4ume.de\/wp-content\/uploads\/2023\/05\/IMG_20230530_140533-768x1020.jpg 768w, https:\/\/zachers-kindertr\u00e4ume.de\/wp-content\/uploads\/2023\/05\/IMG_20230530_140533-1157x1536.jpg 1157w, https:\/\/zachers-kindertr\u00e4ume.de\/wp-content\/uploads\/2023\/05\/IMG_20230530_140533-1542x2048.jpg 1542w, https:\/\/zachers-kindertr\u00e4ume.de\/wp-content\/uploads\/2023\/05\/IMG_20230530_140533-scaled.jpg 1928w\" sizes=\"auto, (max-width: 771px) 100vw, 771px\" \/><\/figure>\n\n\n\n<figure class=\"wp-block-image size-large is-style-default\"><img loading=\"lazy\" decoding=\"async\" width=\"771\" height=\"1024\" src=\"http:\/\/xn--zachers-kindertrume-vwb.de\/wp-content\/uploads\/2023\/05\/IMG_20230530_141743-771x1024.jpg\" alt=\"\" class=\"wp-image-1413\" srcset=\"https:\/\/zachers-kindertr\u00e4ume.de\/wp-content\/uploads\/2023\/05\/IMG_20230530_141743-771x1024.jpg 771w, https:\/\/zachers-kindertr\u00e4ume.de\/wp-content\/uploads\/2023\/05\/IMG_20230530_141743-226x300.jpg 226w, https:\/\/zachers-kindertr\u00e4ume.de\/wp-content\/uploads\/2023\/05\/IMG_20230530_141743-768x1020.jpg 768w, https:\/\/zachers-kindertr\u00e4ume.de\/wp-content\/uploads\/2023\/05\/IMG_20230530_141743-1157x1536.jpg 1157w, https:\/\/zachers-kindertr\u00e4ume.de\/wp-content\/uploads\/2023\/05\/IMG_20230530_141743-1542x2048.jpg 1542w, https:\/\/zachers-kindertr\u00e4ume.de\/wp-content\/uploads\/2023\/05\/IMG_20230530_141743-scaled.jpg 1928w\" sizes=\"auto, (max-width: 771px) 100vw, 771px\" \/><\/figure>\n\n\n\n<figure class=\"wp-block-image size-large is-resized\"><img loading=\"lazy\" decoding=\"async\" width=\"1024\" height=\"1024\" src=\"http:\/\/xn--zachers-kindertrume-vwb.de\/wp-content\/uploads\/2025\/03\/1000011743-1024x1024.png\" alt=\"\" class=\"wp-image-1912\" style=\"aspect-ratio:1;width:371px;height:auto\" srcset=\"https:\/\/zachers-kindertr\u00e4ume.de\/wp-content\/uploads\/2025\/03\/1000011743-1024x1024.png 1024w, https:\/\/zachers-kindertr\u00e4ume.de\/wp-content\/uploads\/2025\/03\/1000011743-300x300.png 300w, https:\/\/zachers-kindertr\u00e4ume.de\/wp-content\/uploads\/2025\/03\/1000011743-150x150.png 150w, https:\/\/zachers-kindertr\u00e4ume.de\/wp-content\/uploads\/2025\/03\/1000011743-768x767.png 768w, https:\/\/zachers-kindertr\u00e4ume.de\/wp-content\/uploads\/2025\/03\/1000011743-186x185.png 186w, https:\/\/zachers-kindertr\u00e4ume.de\/wp-content\/uploads\/2025\/03\/1000011743-220x220.png 220w, https:\/\/zachers-kindertr\u00e4ume.de\/wp-content\/uploads\/2025\/03\/1000011743-60x60.png 60w, https:\/\/zachers-kindertr\u00e4ume.de\/wp-content\/uploads\/2025\/03\/1000011743.png 1072w\" sizes=\"auto, (max-width: 1024px) 100vw, 1024px\" \/><\/figure>\n\n\n\n<figure class=\"wp-block-image size-large\"><img loading=\"lazy\" decoding=\"async\" width=\"833\" height=\"1024\" src=\"http:\/\/xn--zachers-kindertrume-vwb.de\/wp-content\/uploads\/2025\/03\/1000011742-833x1024.png\" alt=\"\" class=\"wp-image-1913\" srcset=\"https:\/\/zachers-kindertr\u00e4ume.de\/wp-content\/uploads\/2025\/03\/1000011742-833x1024.png 833w, https:\/\/zachers-kindertr\u00e4ume.de\/wp-content\/uploads\/2025\/03\/1000011742-244x300.png 244w, https:\/\/zachers-kindertr\u00e4ume.de\/wp-content\/uploads\/2025\/03\/1000011742-768x944.png 768w, https:\/\/zachers-kindertr\u00e4ume.de\/wp-content\/uploads\/2025\/03\/1000011742.png 1080w\" sizes=\"auto, (max-width: 833px) 100vw, 833px\" \/><\/figure>\n\n\n\n<p><\/p>\n\n\n\n<p><\/p>\n\n\n\n<p><strong> <\/strong><\/p>\n\n\n\n<figure class=\"wp-block-gallery has-nested-images columns-default is-cropped wp-block-gallery-2 is-layout-flex wp-block-gallery-is-layout-flex\">\n<figure class=\"wp-block-image size-large\"><img loading=\"lazy\" decoding=\"async\" width=\"300\" height=\"223\" data-id=\"1285\" src=\"http:\/\/xn--zachers-kindertrume-vwb.de\/wp-content\/uploads\/2022\/12\/image_editor_output_image1962379212-1670919630430-300x223.jpg\" alt=\"\" class=\"wp-image-1285\" srcset=\"https:\/\/zachers-kindertr\u00e4ume.de\/wp-content\/uploads\/2022\/12\/image_editor_output_image1962379212-1670919630430-300x223.jpg 300w, https:\/\/zachers-kindertr\u00e4ume.de\/wp-content\/uploads\/2022\/12\/image_editor_output_image1962379212-1670919630430.jpg 450w\" sizes=\"auto, (max-width: 300px) 100vw, 300px\" \/><\/figure>\n<\/figure>\n\n\n\n<figure class=\"wp-block-image size-large is-style-rounded\"><img loading=\"lazy\" decoding=\"async\" width=\"1024\" height=\"768\" src=\"http:\/\/xn--zachers-kindertrume-vwb.de\/wp-content\/uploads\/2022\/03\/IMG_20211011_103950-1024x768.jpg\" alt=\"\" class=\"wp-image-998\" srcset=\"https:\/\/zachers-kindertr\u00e4ume.de\/wp-content\/uploads\/2022\/03\/IMG_20211011_103950-1024x768.jpg 1024w, https:\/\/zachers-kindertr\u00e4ume.de\/wp-content\/uploads\/2022\/03\/IMG_20211011_103950-300x225.jpg 300w, https:\/\/zachers-kindertr\u00e4ume.de\/wp-content\/uploads\/2022\/03\/IMG_20211011_103950-768x576.jpg 768w, https:\/\/zachers-kindertr\u00e4ume.de\/wp-content\/uploads\/2022\/03\/IMG_20211011_103950-1536x1152.jpg 1536w, https:\/\/zachers-kindertr\u00e4ume.de\/wp-content\/uploads\/2022\/03\/IMG_20211011_103950-2048x1536.jpg 2048w\" sizes=\"auto, (max-width: 1024px) 100vw, 1024px\" \/><\/figure>\n\n\n\n<figure class=\"wp-block-image size-full is-style-rounded\"><img loading=\"lazy\" decoding=\"async\" width=\"720\" height=\"540\" src=\"http:\/\/xn--zachers-kindertrume-vwb.de\/wp-content\/uploads\/2022\/03\/275771210_462171455698488_7933571147554085669_n.jpg\" alt=\"\" class=\"wp-image-999\" srcset=\"https:\/\/zachers-kindertr\u00e4ume.de\/wp-content\/uploads\/2022\/03\/275771210_462171455698488_7933571147554085669_n.jpg 720w, https:\/\/zachers-kindertr\u00e4ume.de\/wp-content\/uploads\/2022\/03\/275771210_462171455698488_7933571147554085669_n-300x225.jpg 300w\" sizes=\"auto, (max-width: 720px) 100vw, 720px\" \/><figcaption class=\"wp-element-caption\">Blick vom Rappenberg \u00fcber Weiler<\/figcaption><\/figure>\n\n\n\n<figure class=\"wp-block-image size-large is-style-rounded\"><img loading=\"lazy\" decoding=\"async\" width=\"1024\" height=\"768\" src=\"http:\/\/xn--zachers-kindertrume-vwb.de\/wp-content\/uploads\/2022\/03\/IMG_20211006_100656-1024x768.jpg\" alt=\"\" class=\"wp-image-1006\" srcset=\"https:\/\/zachers-kindertr\u00e4ume.de\/wp-content\/uploads\/2022\/03\/IMG_20211006_100656-1024x768.jpg 1024w, https:\/\/zachers-kindertr\u00e4ume.de\/wp-content\/uploads\/2022\/03\/IMG_20211006_100656-300x225.jpg 300w, https:\/\/zachers-kindertr\u00e4ume.de\/wp-content\/uploads\/2022\/03\/IMG_20211006_100656-768x576.jpg 768w, https:\/\/zachers-kindertr\u00e4ume.de\/wp-content\/uploads\/2022\/03\/IMG_20211006_100656-1536x1152.jpg 1536w, https:\/\/zachers-kindertr\u00e4ume.de\/wp-content\/uploads\/2022\/03\/IMG_20211006_100656-2048x1536.jpg 2048w\" sizes=\"auto, (max-width: 1024px) 100vw, 1024px\" \/><\/figure>\n","protected":false},"excerpt":{"rendered":"<p>Wenn man die Natur wahrhaft liebt, findet man es \u00fcberall sch\u00f6n\u201c (Vincent van Gogh) Die Natur und die Umgebung vor unserer Haust\u00fcre sind wahrhaft sch\u00f6n. Gerne verbringen wir bei geeigneter Witterung m\u00f6glichst viel Zeit an der frischen Luft. In unmittelbarer &hellip; <\/p>\n","protected":false},"author":1,"featured_media":0,"parent":0,"menu_order":0,"comment_status":"closed","ping_status":"closed","template":"","meta":{"footnotes":""},"class_list":["post-358","page","type-page","status-publish","hentry"],"_links":{"self":[{"href":"https:\/\/zachers-kindertr\u00e4ume.de\/index.php?rest_route=\/wp\/v2\/pages\/358","targetHints":{"allow":["GET"]}}],"collection":[{"href":"https:\/\/zachers-kindertr\u00e4ume.de\/index.php?rest_route=\/wp\/v2\/pages"}],"about":[{"href":"https:\/\/zachers-kindertr\u00e4ume.de\/index.php?rest_route=\/wp\/v2\/types\/page"}],"author":[{"embeddable":true,"href":"https:\/\/zachers-kindertr\u00e4ume.de\/index.php?rest_route=\/wp\/v2\/users\/1"}],"replies":[{"embeddable":true,"href":"https:\/\/zachers-kindertr\u00e4ume.de\/index.php?rest_route=%2Fwp%2Fv2%2Fcomments&post=358"}],"version-history":[{"count":17,"href":"https:\/\/zachers-kindertr\u00e4ume.de\/index.php?rest_route=\/wp\/v2\/pages\/358\/revisions"}],"predecessor-version":[{"id":2040,"href":"https:\/\/zachers-kindertr\u00e4ume.de\/index.php?rest_route=\/wp\/v2\/pages\/358\/revisions\/2040"}],"wp:attachment":[{"href":"https:\/\/zachers-kindertr\u00e4ume.de\/index.php?rest_route=%2Fwp%2Fv2%2Fmedia&parent=358"}],"curies":[{"name":"wp","href":"https:\/\/api.w.org\/{rel}","templated":true}]}}