{"id":66,"date":"2019-06-05T06:53:04","date_gmt":"2019-06-05T06:53:04","guid":{"rendered":"http:\/\/xn--zachers-kindertrume-vwb.de\/?page_id=66"},"modified":"2022-03-30T05:06:14","modified_gmt":"2022-03-30T05:06:14","slug":"impressum","status":"publish","type":"page","link":"https:\/\/zachers-kindertr\u00e4ume.de\/?page_id=66","title":{"rendered":"Impressum"},"content":{"rendered":"<p><strong>Betreiber und Kontakt:<\/strong><\/p>\n<p><strong>Astrid und Johannes Zacher<\/strong><\/p>\n<p><strong>Rappenberghalde 35<\/strong><\/p>\n<p><strong>72108 Rottenburg am Neckar<\/strong><\/p>\n<p><strong>info@zachers-kindertr\u00e4ume.de<\/strong><\/p>\n<p><strong>Tel. <a href=\"https:\/\/www.google.com\/search?q=zachers+kindertr%C3%A4ume&amp;rlz=1C1VIQF_deDE975DE975&amp;oq=zachers+kindertr%C3%A4ume&amp;aqs=chrome.0.69i59j0i22i30j69i61l3.3464j0j7&amp;sourceid=chrome&amp;ie=UTF-8#\" data-dtype=\"d3ph\" data-local-attribute=\"d3ph\" data-ved=\"2ahUKEwjdu-OCiO32AhVwSfEDHffGDUgQkAgoAHoECDoQAw\"><span aria-label=\"07472 9830737 anrufen\">07472 9830737<\/span><\/a><\/strong><\/p>\n\n\n<p><strong>1. Haftungsbeschr\u00e4nkung<\/strong><\/p>\n\n\n\n<p><strong>Die Inhalte  dieser Website werden mit gr\u00f6\u00dftm\u00f6glicher Sorgfalt erstellt. Der Anbieter  \u00fcbernimmt jedoch keine Gew\u00e4hr f\u00fcr die Richtigkeit, Vollst\u00e4ndigkeit und  Aktualit\u00e4t der bereitgestellten Inhalte. Die Nutzung der Inhalte der  Website erfolgt auf eigene Gefahr des Nutzers. Namentlich  gekennzeichnete Beitr\u00e4ge geben die Meinung des jeweiligen Autors und  nicht immer die Meinung des Anbieters wieder. Mit der reinen Nutzung der  Website des Anbieters kommt keinerlei Vertragsverh\u00e4ltnis zwischen dem  Nutzer und dem Anbieter zustande. <\/strong><\/p>\n\n\n\n<p><strong>2. Externe Links<\/strong><\/p>\n\n\n\n<p><strong>Diese Website  enth\u00e4lt Verkn\u00fcpfungen zu Websites Dritter (&#8222;externe Links&#8220;). Diese  Websites unterliegen der Haftung der jeweiligen Betreiber. Der Anbieter  hat bei der erstmaligen Verkn\u00fcpfung der externen Links die fremden  Inhalte daraufhin \u00fcberpr\u00fcft, ob etwaige Rechtsverst\u00f6\u00dfe bestehen. Zu dem  Zeitpunkt waren keine Rechtsverst\u00f6\u00dfe ersichtlich. Der Anbieter hat  keinerlei Einfluss auf die aktuelle und zuk\u00fcnftige Gestaltung und auf  die Inhalte der verkn\u00fcpften Seiten. Das Setzen von externen Links  bedeutet nicht, dass sich der Anbieter die hinter dem Verweis oder Link  liegenden Inhalte zu Eigen macht. Eine st\u00e4ndige Kontrolle der externen  Links ist f\u00fcr den Anbieter ohne konkrete Hinweise auf Rechtsverst\u00f6\u00dfe  nicht zumutbar. Bei Kenntnis von Rechtsverst\u00f6\u00dfen werden jedoch derartige  externe Links unverz\u00fcglich gel\u00f6scht. <\/strong><\/p>\n\n\n\n<p><strong>3. Urheber- und Leistungsschutzrechte<\/strong><\/p>\n\n\n\n<p><strong>Die auf  dieser Website ver\u00f6ffentlichten Inhalte unterliegen dem deutschen  Urheber- und Leistungsschutzrecht. Jede vom deutschen Urheber- und  Leistungsschutzrecht nicht zugelassene Verwertung bedarf der vorherigen  schriftlichen Zustimmung des Anbieters oder jeweiligen Rechteinhabers.  Dies gilt insbesondere f\u00fcr Vervielf\u00e4ltigung, Bearbeitung, \u00dcbersetzung,  Einspeicherung, Verarbeitung bzw. Wiedergabe von Inhalten in Datenbanken  oder anderen elektronischen Medien und Systemen. Inhalte und Rechte  Dritter sind dabei als solche gekennzeichnet. Die unerlaubte  Vervielf\u00e4ltigung oder Weitergabe einzelner Inhalte oder kompletter  Seiten ist nicht gestattet und strafbar. Lediglich die Herstellung von  Kopien und Downloads f\u00fcr den pers\u00f6nlichen, privaten und nicht  kommerziellen Gebrauch ist erlaubt.<br>   Die Darstellung dieser Website in fremden Frames ist nur mit schriftlicher Erlaubnis zul\u00e4ssig. <\/strong><\/p>\n\n\n\n<p><strong>4. Datenschutz<\/strong><\/p>\n\n\n\n<p><strong>Durch den  Besuch der Website des Anbieters k\u00f6nnen Informationen \u00fcber den Zugriff  (Datum, Uhrzeit, betrachtete Seite) gespeichert werden. Diese Daten  geh\u00f6ren nicht zu den personenbezogenen Daten, sondern sind anonymisiert.  Sie werden ausschlie\u00dflich zu statistischen Zwecken ausgewertet. Eine  Weitergabe an Dritte, zu kommerziellen oder nichtkommerziellen Zwecken,  findet nicht statt.<br>Der Anbieter weist ausdr\u00fccklich darauf hin, dass die Daten\u00fcbertragung  im Internet (z.B. bei der Kommunikation per E-Mail) Sicherheitsl\u00fccken  aufweisen und nicht l\u00fcckenlos vor dem Zugriff durch Dritte gesch\u00fctzt  werden kann.<br>   Die Verwendung der Kontaktdaten des Impressums zur gewerblichen  Werbung ist ausdr\u00fccklich nicht erw\u00fcnscht, es sei denn der Anbieter hatte  zuvor seine schriftliche Einwilligung erteilt oder es besteht bereits  eine Gesch\u00e4ftsbeziehung. Der Anbieter und alle auf dieser Website  genannten Personen widersprechen hiermit jeder kommerziellen Verwendung  und Weitergabe ihrer Daten. <\/strong><\/p>\n\n\n\n<p>Quelle: Disclaimer von www.Juraforum.de &#8211; Rechtportal und www.uebersetzer.eu<\/p>\n","protected":false},"excerpt":{"rendered":"<p>Betreiber und Kontakt: Astrid und Johannes Zacher Rappenberghalde 35 72108 Rottenburg am Neckar info@zachers-kindertr\u00e4ume.de Tel. 07472 9830737 1. Haftungsbeschr\u00e4nkung Die Inhalte dieser Website werden mit gr\u00f6\u00dftm\u00f6glicher Sorgfalt erstellt. Der Anbieter \u00fcbernimmt jedoch keine Gew\u00e4hr f\u00fcr die Richtigkeit, Vollst\u00e4ndigkeit und Aktualit\u00e4t &hellip; <\/p>\n","protected":false},"author":1,"featured_media":0,"parent":0,"menu_order":0,"comment_status":"closed","ping_status":"closed","template":"","meta":{"footnotes":""},"class_list":["post-66","page","type-page","status-publish","hentry"],"_links":{"self":[{"href":"https:\/\/zachers-kindertr\u00e4ume.de\/index.php?rest_route=\/wp\/v2\/pages\/66","targetHints":{"allow":["GET"]}}],"collection":[{"href":"https:\/\/zachers-kindertr\u00e4ume.de\/index.php?rest_route=\/wp\/v2\/pages"}],"about":[{"href":"https:\/\/zachers-kindertr\u00e4ume.de\/index.php?rest_route=\/wp\/v2\/types\/page"}],"author":[{"embeddable":true,"href":"https:\/\/zachers-kindertr\u00e4ume.de\/index.php?rest_route=\/wp\/v2\/users\/1"}],"replies":[{"embeddable":true,"href":"https:\/\/zachers-kindertr\u00e4ume.de\/index.php?rest_route=%2Fwp%2Fv2%2Fcomments&post=66"}],"version-history":[{"count":7,"href":"https:\/\/zachers-kindertr\u00e4ume.de\/index.php?rest_route=\/wp\/v2\/pages\/66\/revisions"}],"predecessor-version":[{"id":1001,"href":"https:\/\/zachers-kindertr\u00e4ume.de\/index.php?rest_route=\/wp\/v2\/pages\/66\/revisions\/1001"}],"wp:attachment":[{"href":"https:\/\/zachers-kindertr\u00e4ume.de\/index.php?rest_route=%2Fwp%2Fv2%2Fmedia&parent=66"}],"curies":[{"name":"wp","href":"https:\/\/api.w.org\/{rel}","templated":true}]}}